{"id":25161,"date":"2017-05-02T10:43:27","date_gmt":"2017-05-02T08:43:27","guid":{"rendered":"http:\/\/www.souslescourtines.fr\/?page_id=25161\/"},"modified":"2021-11-16T12:20:58","modified_gmt":"2021-11-16T11:20:58","slug":"accueil","status":"publish","type":"page","link":"https:\/\/www.souslescourtines.fr\/es\/","title":{"rendered":"Accueil"},"content":{"rendered":"<div class=\"wpb-content-wrapper\"><p>[vc_row full_width=&#8221;stretch_row&#8221; css=&#8221;.vc_custom_1459345449618{margin-bottom: 0px !important;}&#8221;][vc_column]<div id=\"fullwidth-block-69ef74b16951b\" class=\"fullwidth-block fullwidth-block-parallax-vertical clearfix\" data-mobile-parallax-enable=\"0\" style=\"color: #ffffff;background-color: #51615c;padding-top: 250px;padding-bottom: 250px;\"><script type=\"text\/javascript\">if (typeof(gem_fix_fullwidth_position) == \"function\") { gem_fix_fullwidth_position(document.getElementById(\"fullwidth-block-69ef74b16951b\")); }<\/script><div class=\"fullwidth-block-background\" style=\"background-image: url(https:\/\/www.souslescourtines.fr\/wp-content\/uploads\/2017\/04\/5-img-cite-carcassonne-1.jpg);background-repeat: no-repeat; background-size: cover;background-position: center top;\"><\/div><div class=\"fullwidth-block-inner\">[vc_column_text]<\/p>\n<div class=\"title-xlarge\" style=\"text-align: center;\"><span style=\"color: #ffffff;\">G\u00ceTES SOUS LES COURTINES<\/span><br \/>\n<span class=\"light\" style=\"color: #ffffff;\">\u00e0 Carcassonne<\/span><\/div>\n<p>[\/vc_column_text]<div class=\"gem-button-container gem-button-position-center    \"><a class=\"gem-button gem-button-size-medium gem-button-style-outline gem-button-text-weight-normal gem-button-border-3 gem-button-icon-position-left\" style=\"border-radius: 5px;border-color: #ffffff;color: #ffffff;\" onmouseleave=\"this.style.borderColor='#ffffff';this.style.backgroundColor='transparent';this.style.color='#ffffff';\" onmouseenter=\"this.style.borderColor='#ffffff';this.style.backgroundColor='#ffffff';this.style.color='#4390b8';\" href=\"#video\" target=\"_self\"><i class=\"gem-print-icon gem-icon-pack-elegant\">&#x49;<\/i>Vid\u00e9o<\/a><\/div> <\/div><\/div><div class=\"clearboth\"><\/div><div id=\"thegem-divider-69ef74b1696f4\" class=\"gem-divider  \" style=\"\" ><\/div>[\/vc_column][\/vc_row][vc_row full_width=&#8221;stretch_row&#8221; css=&#8221;.vc_custom_1490973197849{margin-bottom: 0px !important;background-color: #51615c !important;}&#8221;][vc_column][vc_column_text]<\/p>\n<div class=\"title-h1\"><img class=\"alignright size-full wp-image-24801\" src=\"http:\/\/www.souslescourtines.fr\/wp-content\/uploads\/2016\/03\/carte-carcassonne2.png\" alt=\"\" width=\"250\" height=\"244\" \/>CASAS DE HU\u00c9SPEDES SOUS LES <span class=\"light\">COURTINES<\/span><\/div>\n<p><span style=\"color: #ffffff;\"><strong>En Carcasona<\/strong> en el Languedoc, nuestras dos casas (calidad 4 estrellas) se complementan con un gran jard\u00edn situado bajo las cortinas de la ciudad medieval y disfrutar de una vista panor\u00e1mica sobre la ciudad de Carcasona. Se puede alquilar la casa &#8220;Gran Canissou&#8221;, espaciosa con encanto del viejo mundo o la casa &#8220;Mipadre&#8221; de estilo contempor\u00e1neo. Cada una se abre a un jard\u00edn frente a la ciudad de Carcassonne.<\/span><\/p>\n<p><span style=\"color: #ffffff;\">A partir de las dos casas, usted descubrir\u00e1 los castillos c\u00e1taros, abad\u00edas, vi\u00f1edos y degustar la cocina local. En el sitio en Carcasona, se quedar\u00e1 cerca del Aude, el centro de la ciudad y cerca del campo de golf y el lago.<\/span>[\/vc_column_text]<div class=\"clearboth\"><\/div><style>#thegem-divider-69ef74b16972a {margin-top: 20px !important;}<\/style><div id=\"thegem-divider-69ef74b16972a\" class=\"gem-divider  \" style=\"\" ><\/div>[\/vc_column][\/vc_row][vc_row css=&#8221;.vc_custom_1637061654976{margin-bottom: -22px !important;background-color: #f0f3f2 !important;}&#8221; el_id=&#8221;details&#8221;][vc_column width=&#8221;1\/12&#8243;][\/vc_column][vc_column css=&#8221;.vc_custom_1492089734657{margin-top: 165px !important;margin-bottom: 0px !important;border-bottom-width: 0px !important;padding-left: 45px !important;background-color: #ffffff !important;}&#8221; offset=&#8221;vc_col-lg-4&#8243;]<div class=\"clearboth\"><\/div><style>#thegem-divider-69ef74b16974a {margin-top: 30px !important;}<\/style><div id=\"thegem-divider-69ef74b16974a\" class=\"gem-divider  \" style=\"\" ><\/div>[vc_column_text]<\/p>\n<div class=\"title-h3\">LE GRAND CANISSOU<\/div>\n<p>[\/vc_column_text][vc_column_text]Le Grand Canissou, antigua casa espaciosa de 140 m2 que ha conservado su car\u00e1cter original, posee el espacio y todas las comodidades para hospedar entre 1 y 4 personas.[\/vc_column_text]<div class=\"clearboth\"><\/div><style>#thegem-divider-69ef74b169764 {margin-top: 45px !important;}<\/style><div id=\"thegem-divider-69ef74b169764\" class=\"gem-divider  \" style=\"\" ><\/div>[\/vc_column][vc_column offset=&#8221;vc_col-lg-7&#8243; css=&#8221;.vc_custom_1461676786738{margin-right: -1px !important;margin-bottom: -24px !important;padding-bottom: 0px !important;padding-left: 0px !important;}&#8221;]<div class=\"gem-image gem-wrapbox gem-wrapbox-style-default gem-wrapbox-position-left  thegem-custom-69ef74b1697856912\"  style=\"\" ><div class=\"gem-wrapbox-inner \" ><img class=\"gem-wrapbox-element img-responsive\" src=\"https:\/\/www.souslescourtines.fr\/wp-content\/uploads\/2017\/04\/img-gite-canissou-5.jpg\" alt=\"\"\/><\/div><\/div>[\/vc_column][\/vc_row][vc_row][vc_column css=&#8221;.vc_custom_1459353150311{padding-right: 0px !important;}&#8221; offset=&#8221;vc_col-lg-10&#8243;]<div class=\"centered-box gem-image-centered-box\" ><div class=\"gem-image gem-wrapbox gem-wrapbox-style-default gem-wrapbox-position-centered  thegem-custom-69ef74b169cf84032\"  style=\"\" ><div class=\"gem-wrapbox-inner \" ><img class=\"gem-wrapbox-element img-responsive\" src=\"https:\/\/www.souslescourtines.fr\/wp-content\/uploads\/2016\/03\/img-gite-canissou-1.jpg\" alt=\"\"\/><\/div><\/div><\/div>[\/vc_column][vc_column offset=&#8221;vc_col-lg-2&#8243;]<div class=\"clearboth\"><\/div><style>#thegem-divider-69ef74b16a288 {margin-top: 50px !important;}<\/style><div id=\"thegem-divider-69ef74b16a288\" class=\"gem-divider  \" style=\"\" ><\/div><div class=\"centered-box\"><div class=\"gem-icon gem-icon-pack-material gem-icon-size-medium  gem-icon-shape-square gem-simple-icon \"  style=\"opacity: 1;\"><div class=\"gem-icon-inner\" style=\"\"><span class=\"gem-icon-half-1\" style=\"color: #3c3950;\"><span class=\"back-angle\">&#xf529;<\/span><\/span><span class=\"gem-icon-half-2\" style=\"color: #3c3950;\"><span class=\"back-angle\">&#xf529;<\/span><\/span><\/div><\/div><\/div><div class=\"clearboth\"><\/div><style>#thegem-divider-69ef74b16a31b {margin-top: 10px !important;}<\/style><div id=\"thegem-divider-69ef74b16a31b\" class=\"gem-divider  \" style=\"\" ><\/div>[vc_column_text]<\/p>\n<div class=\"title-h5\" style=\"text-align: center;\">2 habitaciones<\/div>\n<p>[\/vc_column_text]<div class=\"clearboth\"><\/div><style>#thegem-divider-69ef74b16a344 {margin-top: 20px !important;}<\/style><div id=\"thegem-divider-69ef74b16a344\" class=\"gem-divider  \" style=\"\" ><\/div><div class=\"centered-box\"><div class=\"gem-icon gem-icon-pack-material gem-icon-size-medium  gem-icon-shape-square gem-simple-icon \"  style=\"opacity: 1;\"><div class=\"gem-icon-inner\" style=\"\"><span class=\"gem-icon-half-1\" style=\"color: #3c3950;\"><span class=\"back-angle\">&#xf395;<\/span><\/span><span class=\"gem-icon-half-2\" style=\"color: #3c3950;\"><span class=\"back-angle\">&#xf395;<\/span><\/span><\/div><\/div><\/div><div class=\"clearboth\"><\/div><style>#thegem-divider-69ef74b16a3a2 {margin-top: 10px !important;}<\/style><div id=\"thegem-divider-69ef74b16a3a2\" class=\"gem-divider  \" style=\"\" ><\/div>[vc_column_text]<\/p>\n<div class=\"title-h5\" style=\"text-align: center;\">\u00a0140 m2<\/div>\n<p>[\/vc_column_text]<div class=\"gem-button-container gem-button-position-center    \"><a class=\"gem-button gem-button-size-tiny gem-button-style-outline gem-button-text-weight-normal gem-button-border-2\" style=\"border-radius: 3px;border-color: #acc831;color: #acc831;\" onmouseleave=\"this.style.borderColor='#acc831';this.style.backgroundColor='transparent';this.style.color='#acc831';\" onmouseenter=\"this.style.backgroundColor='#acc831';this.style.color='#ffffff';\" href=\"http:\/\/www.souslescourtines.fr\/es\/gite-grand-canissou\/\" target=\"_self\">M\u00e1s<\/a><\/div> [\/vc_column][\/vc_row][vc_row css=&#8221;.vc_custom_1459352965013{margin-bottom: 0px !important;}&#8221;][vc_column css=&#8221;.vc_custom_1459353109162{margin-bottom: -23px !important;padding-right: 0px !important;}&#8221; offset=&#8221;vc_col-lg-7&#8243;]<div class=\"gem-image gem-wrapbox gem-wrapbox-style-default gem-wrapbox-position-below  thegem-custom-69ef74b16a4a21422\"  style=\"\" ><div class=\"gem-wrapbox-inner \" ><img class=\"gem-wrapbox-element img-responsive\" src=\"https:\/\/www.souslescourtines.fr\/wp-content\/uploads\/2017\/04\/1-img-gite-mi-padre.png\" alt=\"\"\/><\/div><\/div>[\/vc_column][vc_column css=&#8221;.vc_custom_1459353718709{margin-top: 98px !important;padding-left: 45px !important;background-color: #ffffff !important;}&#8221; offset=&#8221;vc_col-lg-4&#8243;]<div class=\"clearboth\"><\/div><style>#thegem-divider-69ef74b16a9ae {margin-top: 30px !important;}<\/style><div id=\"thegem-divider-69ef74b16a9ae\" class=\"gem-divider  \" style=\"\" ><\/div>[vc_column_text]<\/p>\n<div class=\"title-h3\">MI PADRE<\/div>\n<p>[\/vc_column_text][vc_column_text]Mipadre, antigua bodega vit\u00edcola (70 m\u00b2), transformada en loft de dise\u00f1o contempor\u00e1neo, puede hospedar entre 1 y 4 personas.[\/vc_column_text]<div class=\"clearboth\"><\/div><style>#thegem-divider-69ef74b16a9df {margin-top: 45px !important;}<\/style><div id=\"thegem-divider-69ef74b16a9df\" class=\"gem-divider  \" style=\"\" ><\/div>[\/vc_column][vc_column width=&#8221;1\/12&#8243;][\/vc_column][\/vc_row][vc_row][vc_column css=&#8221;.vc_custom_1459353132681{padding-right: 0px !important;}&#8221; offset=&#8221;vc_col-lg-2&#8243;]<div class=\"clearboth\"><\/div><style>#thegem-divider-69ef74b16aa06 {margin-top: 50px !important;}<\/style><div id=\"thegem-divider-69ef74b16aa06\" class=\"gem-divider  \" style=\"\" ><\/div><div class=\"centered-box\"><div class=\"gem-icon gem-icon-pack-material gem-icon-size-medium  gem-icon-shape-square gem-simple-icon \"  style=\"opacity: 1;\"><div class=\"gem-icon-inner\" style=\"\"><span class=\"gem-icon-half-1\" style=\"color: #3c3950;\"><span class=\"back-angle\">&#xf529;<\/span><\/span><span class=\"gem-icon-half-2\" style=\"color: #3c3950;\"><span class=\"back-angle\">&#xf529;<\/span><\/span><\/div><\/div><\/div><div class=\"clearboth\"><\/div><style>#thegem-divider-69ef74b16aa6d {margin-top: 10px !important;}<\/style><div id=\"thegem-divider-69ef74b16aa6d\" class=\"gem-divider  \" style=\"\" ><\/div>[vc_column_text]<\/p>\n<div class=\"title-h5\" style=\"text-align: center;\">2 habitaciones<\/div>\n<p>[\/vc_column_text]<div class=\"clearboth\"><\/div><style>#thegem-divider-69ef74b16aa92 {margin-top: 20px !important;}<\/style><div id=\"thegem-divider-69ef74b16aa92\" class=\"gem-divider  \" style=\"\" ><\/div><div class=\"centered-box\"><div class=\"gem-icon gem-icon-pack-material gem-icon-size-medium  gem-icon-shape-square gem-simple-icon \"  style=\"opacity: 1;\"><div class=\"gem-icon-inner\" style=\"\"><span class=\"gem-icon-half-1\" style=\"color: #3c3950;\"><span class=\"back-angle\">&#xf395;<\/span><\/span><span class=\"gem-icon-half-2\" style=\"color: #3c3950;\"><span class=\"back-angle\">&#xf395;<\/span><\/span><\/div><\/div><\/div>[vc_column_text]<\/p>\n<div class=\"title-h5\" style=\"text-align: center;\">\u00a070 m2<\/div>\n<p>[\/vc_column_text]<div class=\"gem-button-container gem-button-position-center    \"><a class=\"gem-button gem-button-size-tiny gem-button-style-outline gem-button-text-weight-normal gem-button-border-2\" style=\"border-radius: 3px;border-color: #acc831;color: #acc831;\" onmouseleave=\"this.style.borderColor='#acc831';this.style.backgroundColor='transparent';this.style.color='#acc831';\" onmouseenter=\"this.style.backgroundColor='#acc831';this.style.color='#ffffff';\" href=\"http:\/\/www.souslescourtines.fr\/es\/gite-mi-padre\/\" target=\"_self\">M\u00e1s<\/a><\/div> [\/vc_column][vc_column offset=&#8221;vc_col-lg-10&#8243;]<div class=\"centered-box gem-image-centered-box\" ><div class=\"gem-image gem-wrapbox gem-wrapbox-style-default gem-wrapbox-position-centered  thegem-custom-69ef74b16ab919064\"  style=\"\" ><div class=\"gem-wrapbox-inner \" ><img class=\"gem-wrapbox-element img-responsive\" src=\"https:\/\/www.souslescourtines.fr\/wp-content\/uploads\/2017\/04\/3-gite-mi-padre.jpg\" alt=\"\"\/><\/div><\/div><\/div><div class=\"clearboth\"><\/div><style>#thegem-divider-69ef74b16b031 {margin-top: 10px !important;}<\/style><div id=\"thegem-divider-69ef74b16b031\" class=\"gem-divider  \" style=\"\" ><\/div>[\/vc_column][\/vc_row][vc_row full_width=&#8221;stretch_row&#8221; css=&#8221;.vc_custom_1637061172900{margin-bottom: 0px !important;border-bottom-width: 0px !important;padding-top: 20px !important;padding-right: 20px !important;padding-bottom: 20px !important;padding-left: 20px !important;background: #b1c8c0 url(http:\/\/www.souslescourtines.fr\/wp-content\/uploads\/2016\/03\/fond.jpg?id=25301) !important;background-position: center !important;background-repeat: no-repeat !important;background-size: cover !important;}&#8221; el_id=&#8221;video&#8221; el_class=&#8221;vc_custom_1536064561323&#8243;][vc_column width=&#8221;1\/6&#8243;][\/vc_column][vc_column width=&#8221;2\/3&#8243;]<div class=\"gem-youtube gem-wrapbox gem-wrapbox-style-no-style rounded-corners gem-wrapbox-position-below\" style=\"width: 100%;\"><div class=\"gem-wrapbox-inner gem-ratio-style\" style=\"padding-top: 56.25%\"><iframe class=\"gem-wrapbox-element img-responsive\" width=\"100%\" height=\"300\" allowfullscreen=\"allowfullscreen\" frameborder=\"0\" scrolling=\"no\" marginheight=\"0\" marginwidth=\"0\" src=\"\/\/www.youtube.com\/embed\/EHY2TaOF9K8?rel=0&amp;wmode=opaque\"><\/iframe><\/div><\/div>[vc_column_text]<\/p>\n<p style=\"text-align: center;\"><a href=\"https:\/\/www.laregion.fr\/\" target=\"_blank\" rel=\"noopener noreferrer\"><img class=\"size-full wp-image-26112 aligncenter\" src=\"https:\/\/www.souslescourtines.fr\/wp-content\/uploads\/2021\/11\/image.png\" alt=\"\" width=\"180\" height=\"180\" srcset=\"https:\/\/www.souslescourtines.fr\/wp-content\/uploads\/2021\/11\/image.png 180w, https:\/\/www.souslescourtines.fr\/wp-content\/uploads\/2021\/11\/image-150x150.png 150w, https:\/\/www.souslescourtines.fr\/wp-content\/uploads\/2021\/11\/image-160x160.png 160w, https:\/\/www.souslescourtines.fr\/wp-content\/uploads\/2021\/11\/image-100x100.png 100w\" sizes=\"(max-width: 180px) 100vw, 180px\" \/><\/a><span style=\"color: #ffffff;\">Con el apoyo de la regi\u00f3n de Occitanie<\/span><\/p>\n<p>[\/vc_column_text][\/vc_column][vc_column width=&#8221;1\/6&#8243;][\/vc_column][\/vc_row]<\/p>\n<\/div>","protected":false},"excerpt":{"rendered":"<p>[vc_row full_width=&#8221;stretch_row&#8221; css=&#8221;.vc_custom_1459345449618{margin-bottom: 0px !important;}&#8221;][vc_column][\/vc_column][\/vc_row][vc_row full_width=&#8221;stretch_row&#8221; css=&#8221;.vc_custom_1490973197849{margin-bottom: 0px !important;background-color: #51615c !important;}&#8221;][vc_column][vc_column_text] CASAS DE HU\u00c9SPEDES SOUS LES COURTINES En Carcasona en&#8230;<\/p>\n","protected":false},"author":1,"featured_media":0,"parent":0,"menu_order":0,"comment_status":"closed","ping_status":"closed","template":"","meta":{"footnotes":""},"class_list":["post-25161","page","type-page","status-publish"],"yoast_head":"<!-- This site is optimized with the Yoast SEO plugin v26.8 - https:\/\/yoast.com\/product\/yoast-seo-wordpress\/ -->\n<title>Casas de huespedes Carcassonne Sous les Courtines<\/title>\n<meta name=\"description\" content=\"Alquilar las 2 casas rurales en Carcassonne pie bajo las cortinas de la ciudad medieval de Carcassonne\" \/>\n<meta name=\"robots\" content=\"index, follow, max-snippet:-1, max-image-preview:large, max-video-preview:-1\" \/>\n<link rel=\"canonical\" href=\"https:\/\/www.souslescourtines.fr\/\" \/>\n<meta property=\"og:locale\" content=\"es_ES\" \/>\n<meta property=\"og:type\" content=\"article\" \/>\n<meta property=\"og:title\" content=\"Casas de huespedes Carcassonne Sous les Courtines\" \/>\n<meta property=\"og:description\" content=\"Alquilar las 2 casas rurales en Carcassonne pie bajo las cortinas de la ciudad medieval de Carcassonne\" \/>\n<meta property=\"og:url\" content=\"https:\/\/www.souslescourtines.fr\/\" \/>\n<meta property=\"og:site_name\" content=\"Gites Carcassonne Sous les courtines\" \/>\n<meta property=\"article:modified_time\" content=\"2021-11-16T11:20:58+00:00\" \/>\n<meta property=\"og:image\" content=\"https:\/\/www.souslescourtines.fr\/wp-content\/uploads\/2016\/03\/carte-carcassonne2.png\" \/>\n\t<meta property=\"og:image:width\" content=\"250\" \/>\n\t<meta property=\"og:image:height\" content=\"244\" \/>\n\t<meta property=\"og:image:type\" content=\"image\/png\" \/>\n<meta name=\"twitter:card\" content=\"summary_large_image\" \/>\n<meta name=\"twitter:label1\" content=\"Tiempo de lectura\" \/>\n\t<meta name=\"twitter:data1\" content=\"4 minutos\" \/>\n<script type=\"application\/ld+json\" class=\"yoast-schema-graph\">{\"@context\":\"https:\/\/schema.org\",\"@graph\":[{\"@type\":\"WebPage\",\"@id\":\"https:\/\/www.souslescourtines.fr\/\",\"url\":\"https:\/\/www.souslescourtines.fr\/\",\"name\":\"Casas de huespedes Carcassonne Sous les Courtines\",\"isPartOf\":{\"@id\":\"https:\/\/www.souslescourtines.fr\/#website\"},\"primaryImageOfPage\":{\"@id\":\"https:\/\/www.souslescourtines.fr\/#primaryimage\"},\"image\":{\"@id\":\"https:\/\/www.souslescourtines.fr\/#primaryimage\"},\"thumbnailUrl\":\"http:\/\/www.souslescourtines.fr\/wp-content\/uploads\/2016\/03\/carte-carcassonne2.png\",\"datePublished\":\"2017-05-02T08:43:27+00:00\",\"dateModified\":\"2021-11-16T11:20:58+00:00\",\"description\":\"Alquilar las 2 casas rurales en Carcassonne pie bajo las cortinas de la ciudad medieval de Carcassonne\",\"breadcrumb\":{\"@id\":\"https:\/\/www.souslescourtines.fr\/#breadcrumb\"},\"inLanguage\":\"es\",\"potentialAction\":[{\"@type\":\"ReadAction\",\"target\":[\"https:\/\/www.souslescourtines.fr\/\"]}]},{\"@type\":\"ImageObject\",\"inLanguage\":\"es\",\"@id\":\"https:\/\/www.souslescourtines.fr\/#primaryimage\",\"url\":\"http:\/\/www.souslescourtines.fr\/wp-content\/uploads\/2016\/03\/carte-carcassonne2.png\",\"contentUrl\":\"http:\/\/www.souslescourtines.fr\/wp-content\/uploads\/2016\/03\/carte-carcassonne2.png\"},{\"@type\":\"BreadcrumbList\",\"@id\":\"https:\/\/www.souslescourtines.fr\/#breadcrumb\",\"itemListElement\":[{\"@type\":\"ListItem\",\"position\":1,\"name\":\"Accueil\",\"item\":\"https:\/\/www.souslescourtines.fr\/\"},{\"@type\":\"ListItem\",\"position\":2,\"name\":\"Accueil\"}]},{\"@type\":\"WebSite\",\"@id\":\"https:\/\/www.souslescourtines.fr\/#website\",\"url\":\"https:\/\/www.souslescourtines.fr\/\",\"name\":\"Gites Carcassonne Sous les courtines\",\"description\":\"2 gites \u00e0 louer \u00e0 Carcassonne\",\"publisher\":{\"@id\":\"https:\/\/www.souslescourtines.fr\/#organization\"},\"potentialAction\":[{\"@type\":\"SearchAction\",\"target\":{\"@type\":\"EntryPoint\",\"urlTemplate\":\"https:\/\/www.souslescourtines.fr\/?s={search_term_string}\"},\"query-input\":{\"@type\":\"PropertyValueSpecification\",\"valueRequired\":true,\"valueName\":\"search_term_string\"}}],\"inLanguage\":\"es\"},{\"@type\":\"Organization\",\"@id\":\"https:\/\/www.souslescourtines.fr\/#organization\",\"name\":\"Gites Carcassonne Sous les courtines\",\"url\":\"https:\/\/www.souslescourtines.fr\/\",\"logo\":{\"@type\":\"ImageObject\",\"inLanguage\":\"es\",\"@id\":\"https:\/\/www.souslescourtines.fr\/#\/schema\/logo\/image\/\",\"url\":\"https:\/\/www.souslescourtines.fr\/wp-content\/uploads\/2017\/05\/Logo_courtines-1.jpg\",\"contentUrl\":\"https:\/\/www.souslescourtines.fr\/wp-content\/uploads\/2017\/05\/Logo_courtines-1.jpg\",\"width\":867,\"height\":330,\"caption\":\"Gites Carcassonne Sous les courtines\"},\"image\":{\"@id\":\"https:\/\/www.souslescourtines.fr\/#\/schema\/logo\/image\/\"}}]}<\/script>\n<!-- \/ Yoast SEO plugin. -->","yoast_head_json":{"title":"Casas de huespedes Carcassonne Sous les Courtines","description":"Alquilar las 2 casas rurales en Carcassonne pie bajo las cortinas de la ciudad medieval de Carcassonne","robots":{"index":"index","follow":"follow","max-snippet":"max-snippet:-1","max-image-preview":"max-image-preview:large","max-video-preview":"max-video-preview:-1"},"canonical":"https:\/\/www.souslescourtines.fr\/","og_locale":"es_ES","og_type":"article","og_title":"Casas de huespedes Carcassonne Sous les Courtines","og_description":"Alquilar las 2 casas rurales en Carcassonne pie bajo las cortinas de la ciudad medieval de Carcassonne","og_url":"https:\/\/www.souslescourtines.fr\/","og_site_name":"Gites Carcassonne Sous les courtines","article_modified_time":"2021-11-16T11:20:58+00:00","og_image":[{"width":250,"height":244,"url":"https:\/\/www.souslescourtines.fr\/wp-content\/uploads\/2016\/03\/carte-carcassonne2.png","type":"image\/png"}],"twitter_card":"summary_large_image","twitter_misc":{"Tiempo de lectura":"4 minutos"},"schema":{"@context":"https:\/\/schema.org","@graph":[{"@type":"WebPage","@id":"https:\/\/www.souslescourtines.fr\/","url":"https:\/\/www.souslescourtines.fr\/","name":"Casas de huespedes Carcassonne Sous les Courtines","isPartOf":{"@id":"https:\/\/www.souslescourtines.fr\/#website"},"primaryImageOfPage":{"@id":"https:\/\/www.souslescourtines.fr\/#primaryimage"},"image":{"@id":"https:\/\/www.souslescourtines.fr\/#primaryimage"},"thumbnailUrl":"http:\/\/www.souslescourtines.fr\/wp-content\/uploads\/2016\/03\/carte-carcassonne2.png","datePublished":"2017-05-02T08:43:27+00:00","dateModified":"2021-11-16T11:20:58+00:00","description":"Alquilar las 2 casas rurales en Carcassonne pie bajo las cortinas de la ciudad medieval de Carcassonne","breadcrumb":{"@id":"https:\/\/www.souslescourtines.fr\/#breadcrumb"},"inLanguage":"es","potentialAction":[{"@type":"ReadAction","target":["https:\/\/www.souslescourtines.fr\/"]}]},{"@type":"ImageObject","inLanguage":"es","@id":"https:\/\/www.souslescourtines.fr\/#primaryimage","url":"http:\/\/www.souslescourtines.fr\/wp-content\/uploads\/2016\/03\/carte-carcassonne2.png","contentUrl":"http:\/\/www.souslescourtines.fr\/wp-content\/uploads\/2016\/03\/carte-carcassonne2.png"},{"@type":"BreadcrumbList","@id":"https:\/\/www.souslescourtines.fr\/#breadcrumb","itemListElement":[{"@type":"ListItem","position":1,"name":"Accueil","item":"https:\/\/www.souslescourtines.fr\/"},{"@type":"ListItem","position":2,"name":"Accueil"}]},{"@type":"WebSite","@id":"https:\/\/www.souslescourtines.fr\/#website","url":"https:\/\/www.souslescourtines.fr\/","name":"Gites Carcassonne Sous les courtines","description":"2 gites \u00e0 louer \u00e0 Carcassonne","publisher":{"@id":"https:\/\/www.souslescourtines.fr\/#organization"},"potentialAction":[{"@type":"SearchAction","target":{"@type":"EntryPoint","urlTemplate":"https:\/\/www.souslescourtines.fr\/?s={search_term_string}"},"query-input":{"@type":"PropertyValueSpecification","valueRequired":true,"valueName":"search_term_string"}}],"inLanguage":"es"},{"@type":"Organization","@id":"https:\/\/www.souslescourtines.fr\/#organization","name":"Gites Carcassonne Sous les courtines","url":"https:\/\/www.souslescourtines.fr\/","logo":{"@type":"ImageObject","inLanguage":"es","@id":"https:\/\/www.souslescourtines.fr\/#\/schema\/logo\/image\/","url":"https:\/\/www.souslescourtines.fr\/wp-content\/uploads\/2017\/05\/Logo_courtines-1.jpg","contentUrl":"https:\/\/www.souslescourtines.fr\/wp-content\/uploads\/2017\/05\/Logo_courtines-1.jpg","width":867,"height":330,"caption":"Gites Carcassonne Sous les courtines"},"image":{"@id":"https:\/\/www.souslescourtines.fr\/#\/schema\/logo\/image\/"}}]}},"_links":{"self":[{"href":"https:\/\/www.souslescourtines.fr\/es\/wp-json\/wp\/v2\/pages\/25161","targetHints":{"allow":["GET"]}}],"collection":[{"href":"https:\/\/www.souslescourtines.fr\/es\/wp-json\/wp\/v2\/pages"}],"about":[{"href":"https:\/\/www.souslescourtines.fr\/es\/wp-json\/wp\/v2\/types\/page"}],"author":[{"embeddable":true,"href":"https:\/\/www.souslescourtines.fr\/es\/wp-json\/wp\/v2\/users\/1"}],"replies":[{"embeddable":true,"href":"https:\/\/www.souslescourtines.fr\/es\/wp-json\/wp\/v2\/comments?post=25161"}],"version-history":[{"count":0,"href":"https:\/\/www.souslescourtines.fr\/es\/wp-json\/wp\/v2\/pages\/25161\/revisions"}],"wp:attachment":[{"href":"https:\/\/www.souslescourtines.fr\/es\/wp-json\/wp\/v2\/media?parent=25161"}],"curies":[{"name":"wp","href":"https:\/\/api.w.org\/{rel}","templated":true}]}}